{"id":1593,"date":"2024-01-10T09:27:03","date_gmt":"2024-01-10T09:27:03","guid":{"rendered":"http:\/\/antoinedaguet.fr\/?page_id=1593"},"modified":"2024-11-12T16:47:13","modified_gmt":"2024-11-12T16:47:13","slug":"raid-paris-kaboul-paris","status":"publish","type":"page","link":"https:\/\/antoinedaguet.fr\/?page_id=1593","title":{"rendered":"Raid Paris-Kaboul-Paris"},"content":{"rendered":"<div class=\"wp-block-image\">\n<figure class=\"aligncenter size-large is-resized\"><img decoding=\"async\" loading=\"lazy\" width=\"1024\" height=\"683\" src=\"http:\/\/antoinedaguet.fr\/wp-content\/uploads\/2024\/01\/desert-3-1024x683.jpg\" alt=\"\" class=\"wp-image-1608\" style=\"width:349px;height:auto\" srcset=\"https:\/\/antoinedaguet.fr\/wp-content\/uploads\/2024\/01\/desert-3-1024x683.jpg 1024w, https:\/\/antoinedaguet.fr\/wp-content\/uploads\/2024\/01\/desert-3-300x200.jpg 300w, https:\/\/antoinedaguet.fr\/wp-content\/uploads\/2024\/01\/desert-3-768x512.jpg 768w, https:\/\/antoinedaguet.fr\/wp-content\/uploads\/2024\/01\/desert-3-1536x1024.jpg 1536w, https:\/\/antoinedaguet.fr\/wp-content\/uploads\/2024\/01\/desert-3-2048x1365.jpg 2048w\" sizes=\"(max-width: 767px) 89vw, (max-width: 1000px) 54vw, (max-width: 1071px) 543px, 580px\" \/><\/figure><\/div>\n\n\n<p>Cette page est destin\u00e9e aux participants du raid Paris-Kaboul-Paris en 1970, qui souhaitent  raconter leur aventure mais ont du mal \u00e0 r\u00e9diger leur manuscrit.<\/p>\n\n\n\n<p>J&rsquo;\u00e9tais \u00e9galement au d\u00e9part du raid Paris-Kaboul. J&rsquo;ai cr\u00e9\u00e9 un site pour rassembler les t\u00e9moignages de ceux qui y ont particip\u00e9.<\/p>\n\n\n\n<p><a href=\"https:\/\/www.paris-kaboul.fr\/\" target=\"_blank\" rel=\"noopener\" title=\"www.paris-kaboul.fr \">www.paris-kaboul.fr <\/a><\/p>\n\n\n\n<p>Habitu\u00e9 \u00e0 \u00e9crire des nouvelles, je propose \u00e0 ceux qui le souhaitent de les aider \u00e0 r\u00e9diger leurs m\u00e9moires.<\/p>\n\n\n\n<p>N&rsquo;h\u00e9sitez pas \u00e0 <a href=\"https:\/\/www.paris-kaboul.fr\/#contactez\" title=\"\">prendre contac<\/a><a href=\"http:\/\/https.\/\/www.paris-kaboul.fr\" title=\"\">t<\/a>.<\/p>\n\n\n\n<p><\/p>\n\n\n\n<figure class=\"wp-block-image size-full is-resized\"><img decoding=\"async\" loading=\"lazy\" width=\"698\" height=\"914\" src=\"http:\/\/antoinedaguet.fr\/wp-content\/uploads\/2021\/11\/Antoine.jpg\" alt=\"\" class=\"wp-image-1155\" style=\"width:125px;height:auto\" srcset=\"https:\/\/antoinedaguet.fr\/wp-content\/uploads\/2021\/11\/Antoine.jpg 698w, https:\/\/antoinedaguet.fr\/wp-content\/uploads\/2021\/11\/Antoine-229x300.jpg 229w\" sizes=\"(max-width: 698px) 100vw, 698px\" \/><\/figure>\n\n\n\n<p><em>J&rsquo;ai \u00e9crit ma premi\u00e8re nouvelle en Nouvelle Z\u00e9lande, un jour o\u00f9 je suis rest\u00e9 subjugu\u00e9 par la beaut\u00e9 du paysage. Ce jour-l\u00e0, j&rsquo;ai eu besoin d&rsquo;\u00e9crire pour partager avec mes proches un moment de bonheur exceptionnel. Suite \u00e0 ce galop d&rsquo;essai, beaucoup de mes amis m&rsquo;ont encourag\u00e9 \u00e0 continuer. Depuis \u00e9crire est un plaisir auquel je me laisse aller de temps en temps. Je privil\u00e9gie les nouvelles courtes en forme de clin d&rsquo;\u0153il et quelquefois m&rsquo;applique \u00e0 en raconter d&rsquo;avantage. <\/em><\/p>\n","protected":false},"excerpt":{"rendered":"<p>Cette page est destin\u00e9e aux participants du raid Paris-Kaboul-Paris en 1970, qui souhaitent raconter leur aventure mais ont du mal \u00e0 r\u00e9diger leur manuscrit. J&rsquo;\u00e9tais \u00e9galement au d\u00e9part du raid Paris-Kaboul. J&rsquo;ai cr\u00e9\u00e9 un site pour rassembler les t\u00e9moignages de ceux qui y ont particip\u00e9. www.paris-kaboul.fr Habitu\u00e9 \u00e0 \u00e9crire des nouvelles, je propose \u00e0 ceux &hellip; <\/p>\n<p class=\"link-more\"><a href=\"https:\/\/antoinedaguet.fr\/?page_id=1593\" class=\"more-link\">Continuer la lecture<span class=\"screen-reader-text\"> de &laquo;&nbsp;Raid Paris-Kaboul-Paris&nbsp;&raquo;<\/span><\/a><\/p>\n","protected":false},"author":1,"featured_media":0,"parent":0,"menu_order":0,"comment_status":"closed","ping_status":"closed","template":"","meta":{"om_disable_all_campaigns":false,"_monsterinsights_skip_tracking":false,"_monsterinsights_sitenote_active":false,"_monsterinsights_sitenote_note":"","_monsterinsights_sitenote_category":0,"footnotes":""},"aioseo_notices":[],"_links":{"self":[{"href":"https:\/\/antoinedaguet.fr\/index.php?rest_route=\/wp\/v2\/pages\/1593"}],"collection":[{"href":"https:\/\/antoinedaguet.fr\/index.php?rest_route=\/wp\/v2\/pages"}],"about":[{"href":"https:\/\/antoinedaguet.fr\/index.php?rest_route=\/wp\/v2\/types\/page"}],"author":[{"embeddable":true,"href":"https:\/\/antoinedaguet.fr\/index.php?rest_route=\/wp\/v2\/users\/1"}],"replies":[{"embeddable":true,"href":"https:\/\/antoinedaguet.fr\/index.php?rest_route=%2Fwp%2Fv2%2Fcomments&post=1593"}],"version-history":[{"count":11,"href":"https:\/\/antoinedaguet.fr\/index.php?rest_route=\/wp\/v2\/pages\/1593\/revisions"}],"predecessor-version":[{"id":1772,"href":"https:\/\/antoinedaguet.fr\/index.php?rest_route=\/wp\/v2\/pages\/1593\/revisions\/1772"}],"wp:attachment":[{"href":"https:\/\/antoinedaguet.fr\/index.php?rest_route=%2Fwp%2Fv2%2Fmedia&parent=1593"}],"curies":[{"name":"wp","href":"https:\/\/api.w.org\/{rel}","templated":true}]}}