{"id":900,"date":"2021-04-10T04:05:39","date_gmt":"2021-04-10T04:05:39","guid":{"rendered":"http:\/\/antoinedaguet.fr\/?page_id=900"},"modified":"2024-06-08T16:35:48","modified_gmt":"2024-06-08T16:35:48","slug":"books","status":"publish","type":"page","link":"https:\/\/antoinedaguet.fr\/?page_id=900","title":{"rendered":"Antoine Daguet &#8211; livres et r\u00e9cits de voyages"},"content":{"rendered":"\n<div class=\"wp-block-cover alignfull is-light\" style=\"min-height:256px\"><span aria-hidden=\"true\" class=\"wp-block-cover__background has-ast-global-color-8-background-color has-background-dim-100 has-background-dim\"><\/span><div class=\"wp-block-cover__inner-container is-layout-flow wp-block-cover-is-layout-flow\">\n<h2 class=\"wp-block-heading has-ast-global-color-2-color has-text-color\">Nouvelles<\/h2>\n\n\n\n<h3 class=\"wp-block-heading has-ast-global-color-2-color has-text-color\">En un mot comme en cent<\/h3>\n\n\n\n<p class=\"has-ast-global-color-3-color has-text-color\">Un essai, une fable, une fiction polici\u00e8re, un r\u00e9cit de travers\u00e9e de l&rsquo;Atlantique autobiographique, il y en a pour tous les go\u00fbts. <\/p>\n<\/div><\/div>\n\n\n\n<div class=\"wp-block-group alignfull is-layout-flow wp-block-group-is-layout-flow\"><div class=\"wp-block-group__inner-container\">\n<div class=\"wp-block-media-text is-stacked-on-mobile\" style=\"grid-template-columns:44% auto\"><figure class=\"wp-block-media-text__media\"><img decoding=\"async\" loading=\"lazy\" width=\"763\" height=\"1024\" src=\"http:\/\/antoinedaguet.fr\/wp-content\/uploads\/2021\/11\/Les-tableaux-2-2-763x1024.jpg\" alt=\"\" class=\"wp-image-1179 size-full\" srcset=\"https:\/\/antoinedaguet.fr\/wp-content\/uploads\/2021\/11\/Les-tableaux-2-2-763x1024.jpg 763w, https:\/\/antoinedaguet.fr\/wp-content\/uploads\/2021\/11\/Les-tableaux-2-2-224x300.jpg 224w, https:\/\/antoinedaguet.fr\/wp-content\/uploads\/2021\/11\/Les-tableaux-2-2-768x1031.jpg 768w, https:\/\/antoinedaguet.fr\/wp-content\/uploads\/2021\/11\/Les-tableaux-2-2-1144x1536.jpg 1144w, https:\/\/antoinedaguet.fr\/wp-content\/uploads\/2021\/11\/Les-tableaux-2-2.jpg 1204w\" sizes=\"(max-width: 706px) 89vw, (max-width: 767px) 82vw, 740px\" \/><\/figure><div class=\"wp-block-media-text__content\">\n<div class=\"wp-block-group is-layout-flow wp-block-group-is-layout-flow\"><div class=\"wp-block-group__inner-container\">\n<h3 class=\"wp-block-heading has-ast-global-color-0-color has-text-color\">Nouvelle<\/h3>\n\n\n\n<h2 class=\"wp-block-heading has-ast-global-color-2-color has-text-color\">Les tableaux<\/h2>\n\n\n\n<p class=\"has-ast-global-color-3-color has-text-color\">Grandeur et d\u00e9cadence d&rsquo;un tableau. Il est question de l&rsquo;inspiration du peintre, de la futilit\u00e9 des vernissages et d&rsquo;amoureux de l&rsquo;art. L&rsquo;\u00e9ph\u00e9m\u00e8re de la cr\u00e9ation se t\u00e9lescope avec l&rsquo;avidit\u00e9 des marchands, la convoitise des acheteurs et la spontan\u00e9it\u00e9 des amateurs. L&rsquo;occasion pour l&rsquo;auteur de brosser une galerie de portraits, tant sur la toile que dans les galeries ou le salon poussi\u00e9reux de mamie. A vos pinceaux!<\/p>\n\n\n\n<div class=\"wp-block-buttons is-layout-flex wp-block-buttons-is-layout-flex\">\n<div class=\"wp-block-button is-style-outline\"><a class=\"wp-block-button__link wp-element-button\" href=\"http:\/\/antoinedaguet.fr\/PDF\/Les%20tableaux.pdf\" target=\"_blank\" rel=\"noreferrer noopener\">T\u00e9l\u00e9charger<\/a><\/div>\n<\/div>\n<\/div><\/div>\n\n\n\n<p><\/p>\n<\/div><\/div>\n\n\n\n<div class=\"wp-block-media-text is-stacked-on-mobile\" style=\"grid-template-columns:44% auto\"><figure class=\"wp-block-media-text__media\"><img decoding=\"async\" loading=\"lazy\" width=\"769\" height=\"1024\" src=\"http:\/\/antoinedaguet.fr\/wp-content\/uploads\/2021\/11\/Le-lion-et-lenfant-1-1-769x1024.jpg\" alt=\"\" class=\"wp-image-1180 size-full\" srcset=\"https:\/\/antoinedaguet.fr\/wp-content\/uploads\/2021\/11\/Le-lion-et-lenfant-1-1-769x1024.jpg 769w, https:\/\/antoinedaguet.fr\/wp-content\/uploads\/2021\/11\/Le-lion-et-lenfant-1-1-225x300.jpg 225w, https:\/\/antoinedaguet.fr\/wp-content\/uploads\/2021\/11\/Le-lion-et-lenfant-1-1-768x1023.jpg 768w, https:\/\/antoinedaguet.fr\/wp-content\/uploads\/2021\/11\/Le-lion-et-lenfant-1-1-1153x1536.jpg 1153w, https:\/\/antoinedaguet.fr\/wp-content\/uploads\/2021\/11\/Le-lion-et-lenfant-1-1.jpg 1204w\" sizes=\"(max-width: 767px) 89vw, (max-width: 1000px) 54vw, (max-width: 1071px) 543px, 580px\" \/><\/figure><div class=\"wp-block-media-text__content\">\n<div class=\"wp-block-group is-layout-flow wp-block-group-is-layout-flow\"><div class=\"wp-block-group__inner-container\">\n<h3 class=\"wp-block-heading has-ast-global-color-0-color has-text-color\"><br>Fable<\/h3>\n\n\n\n<h2 class=\"wp-block-heading has-ast-global-color-2-color has-text-color\">Le lion et l&rsquo;enfant<\/h2>\n\n\n\n<p class=\"has-ast-global-color-3-color has-text-color\">On ne pr\u00e9sente plus d&rsquo;animaux sauvages en cage dans les cirques. C&rsquo;est tr\u00e8s bien ainsi. Malheureusement, \u00e7a n&rsquo;a pas toujours \u00e9t\u00e9 le cas. Dans le livre o\u00f9 le lion est le h\u00e9ros, , c&rsquo;est un petit gar\u00e7on qui per\u00e7oit et devine le premier, la souffrance d&rsquo;un lion en cage. Aupr\u00e8s de ce petit gar\u00e7on, les adultes vont ouvrir les yeux et le lion avoir une chance d\u00e9couvrir la jungle. \u00ab\u00a0Le lion et l&rsquo;enfant\u00a0\u00bb est un hymne \u00e0 la libert\u00e9, une invitation \u00e0 r\u00e9fl\u00e9chir sur notre rapport au monde animal et le respect de l&rsquo;environnement.<\/p>\n\n\n\n<div class=\"wp-block-buttons is-layout-flex wp-block-buttons-is-layout-flex\">\n<div class=\"wp-block-button is-style-outline\"><a class=\"wp-block-button__link wp-element-button\" href=\"http:\/\/antoinedaguet.fr\/PDF\/Le%20lion%20et%20l'enfant.pdf\" target=\"_blank\" rel=\"noreferrer noopener\">T\u00e9l\u00e9charger<\/a><\/div>\n<\/div>\n<\/div><\/div>\n<\/div><\/div>\n\n\n\n<div class=\"wp-block-media-text is-stacked-on-mobile\" style=\"grid-template-columns:44% auto\"><figure class=\"wp-block-media-text__media\"><img decoding=\"async\" loading=\"lazy\" width=\"766\" height=\"1024\" src=\"http:\/\/antoinedaguet.fr\/wp-content\/uploads\/2021\/11\/Lappel-du-large-1-2-766x1024.jpg\" alt=\"\" class=\"wp-image-1227 size-full\" srcset=\"https:\/\/antoinedaguet.fr\/wp-content\/uploads\/2021\/11\/Lappel-du-large-1-2-766x1024.jpg 766w, https:\/\/antoinedaguet.fr\/wp-content\/uploads\/2021\/11\/Lappel-du-large-1-2-224x300.jpg 224w, https:\/\/antoinedaguet.fr\/wp-content\/uploads\/2021\/11\/Lappel-du-large-1-2-768x1027.jpg 768w, https:\/\/antoinedaguet.fr\/wp-content\/uploads\/2021\/11\/Lappel-du-large-1-2-1149x1536.jpg 1149w, https:\/\/antoinedaguet.fr\/wp-content\/uploads\/2021\/11\/Lappel-du-large-1-2.jpg 1203w\" sizes=\"(max-width: 706px) 89vw, (max-width: 767px) 82vw, 740px\" \/><\/figure><div class=\"wp-block-media-text__content\">\n<div class=\"wp-block-group is-layout-flow wp-block-group-is-layout-flow\"><div class=\"wp-block-group__inner-container\">\n<h3 class=\"wp-block-heading has-ast-global-color-0-color has-text-color\"><br>Aventure<\/h3>\n\n\n\n<h2 class=\"wp-block-heading has-ast-global-color-2-color has-text-color\">L&rsquo;appel du large<\/h2>\n\n\n\n<p class=\"has-ast-global-color-3-color has-text-color\">Traverser l&rsquo;Atlantique \u00e0 la voile, beaucoup l&rsquo;ont fait, d&rsquo;autres se lanceront encore; dans l&rsquo;aventure. Le r\u00e9cit que vous allez lire est autobiographique. Il a directement \u00e9t\u00e9 inspir\u00e9 du livre de bord; Il est vrai que l&rsquo;action se passe au d\u00e9but des ann\u00e9es 80, une \u00e9poque lointaine o\u00f9 les marins se servaient encore d&rsquo;un sextant! Attendez vous \u00e0 \u00eatre chahut\u00e9s par les vagues, \u00e0 fr\u00e9mir quand le bateau s&rsquo;approche des r\u00e9cifs. Enfilez vos gilets de sauvetage, la travers\u00e9e ne sera pas de tout repos!<\/p>\n\n\n\n<div class=\"wp-block-buttons is-layout-flex wp-block-buttons-is-layout-flex\">\n<div class=\"wp-block-button is-style-outline\"><a class=\"wp-block-button__link wp-element-button\" href=\"http:\/\/antoinedaguet.fr\/PDF\/le%20grand%20frisson.pdf\" target=\"_blank\" rel=\"noreferrer noopener\">T\u00e9l\u00e9charger<\/a><\/div>\n<\/div>\n<\/div><\/div>\n<\/div><\/div>\n\n\n\n<div class=\"wp-block-media-text is-stacked-on-mobile\" style=\"grid-template-columns:44% auto\"><figure class=\"wp-block-media-text__media\"><img decoding=\"async\" loading=\"lazy\" width=\"812\" height=\"1024\" src=\"http:\/\/antoinedaguet.fr\/wp-content\/uploads\/2021\/11\/1downunder-1-812x1024.jpg\" alt=\"\" class=\"wp-image-1183 size-full\" srcset=\"https:\/\/antoinedaguet.fr\/wp-content\/uploads\/2021\/11\/1downunder-1-812x1024.jpg 812w, https:\/\/antoinedaguet.fr\/wp-content\/uploads\/2021\/11\/1downunder-1-238x300.jpg 238w, https:\/\/antoinedaguet.fr\/wp-content\/uploads\/2021\/11\/1downunder-1-768x969.jpg 768w, https:\/\/antoinedaguet.fr\/wp-content\/uploads\/2021\/11\/1downunder-1.jpg 1202w\" sizes=\"(max-width: 767px) 89vw, (max-width: 1000px) 54vw, (max-width: 1071px) 543px, 580px\" \/><\/figure><div class=\"wp-block-media-text__content\">\n<div class=\"wp-block-group is-layout-flow wp-block-group-is-layout-flow\"><div class=\"wp-block-group__inner-container\">\n<h3 class=\"wp-block-heading has-ast-global-color-0-color has-text-color\"><br>Suspense<\/h3>\n\n\n\n<h2 class=\"wp-block-heading has-ast-global-color-2-color has-text-color\">Downunder<\/h2>\n\n\n\n<p class=\"has-ast-global-color-3-color has-text-color\">L&rsquo;histoire se passe en Australie. \u00ab\u00a0Downunder\u00a0\u00bb est le petit nom que l&rsquo;on donne \u00e0 l&rsquo;immense continent australien. Plusieurs personnages prennent tour \u00e0 tour la vedette dans ce roman de fiction plein de rebondissements; L&rsquo;occasion pour le lecteur de d\u00e9couvrir Perth, Melbourne, Sydney, Canberra, Cairns.<\/p>\n\n\n\n<div class=\"wp-block-buttons is-layout-flex wp-block-buttons-is-layout-flex\">\n<div class=\"wp-block-button is-style-outline\"><a class=\"wp-block-button__link wp-element-button\" href=\"http:\/\/antoinedaguet.fr\/PDF\/Downunder.pdf\" target=\"_blank\" rel=\"noreferrer noopener\">T\u00e9l\u00e9charger<\/a><\/div>\n<\/div>\n<\/div><\/div>\n<\/div><\/div>\n\n\n\n<div class=\"wp-block-media-text is-stacked-on-mobile\" style=\"grid-template-columns:44% auto\"><figure class=\"wp-block-media-text__media\"><img decoding=\"async\" loading=\"lazy\" width=\"1024\" height=\"683\" src=\"http:\/\/antoinedaguet.fr\/wp-content\/uploads\/2022\/06\/police-1-1024x683.jpg\" alt=\"\" class=\"wp-image-1532 size-full\" srcset=\"https:\/\/antoinedaguet.fr\/wp-content\/uploads\/2022\/06\/police-1-1024x683.jpg 1024w, https:\/\/antoinedaguet.fr\/wp-content\/uploads\/2022\/06\/police-1-300x200.jpg 300w, https:\/\/antoinedaguet.fr\/wp-content\/uploads\/2022\/06\/police-1-768x512.jpg 768w, https:\/\/antoinedaguet.fr\/wp-content\/uploads\/2022\/06\/police-1-1536x1024.jpg 1536w, https:\/\/antoinedaguet.fr\/wp-content\/uploads\/2022\/06\/police-1.jpg 1600w\" sizes=\"(max-width: 767px) 89vw, (max-width: 1000px) 54vw, (max-width: 1071px) 543px, 580px\" \/><\/figure><div class=\"wp-block-media-text__content\">\n<div class=\"wp-block-group is-layout-flow wp-block-group-is-layout-flow\"><div class=\"wp-block-group__inner-container\">\n<h3 class=\"wp-block-heading has-ast-global-color-0-color has-text-color\"><br>Suspense<\/h3>\n\n\n\n<h2 class=\"wp-block-heading has-ast-global-color-2-color has-text-color\">Le gang des policiers<\/h2>\n\n\n\n<p class=\"has-ast-global-color-3-color has-text-color\">Des voleurs d\u00e9guis\u00e9s en policiers et arm\u00e9s de fusils d&rsquo;assaut ont attaqu\u00e9 mardi une bijouterie de Lyon. Un des malfrats est en soin intensifs \u00e0 l\u2019h\u00f4pital de la Croix Rousse. Ses complices ont r\u00e9ussi \u00e0 prendre la fuite.<\/p>\n\n\n\n<div class=\"wp-block-buttons is-layout-flex wp-block-buttons-is-layout-flex\">\n<div class=\"wp-block-button is-style-outline\"><a class=\"wp-block-button__link wp-element-button\" href=\"http:\/\/antoinedaguet.fr\/PDF\/concours.pdf\" target=\"_blank\" rel=\"noreferrer noopener\">T\u00e9l\u00e9charger<\/a><\/div>\n<\/div>\n<\/div><\/div>\n<\/div><\/div>\n\n\n\n<div class=\"wp-block-media-text is-stacked-on-mobile\" style=\"grid-template-columns:44% auto\"><figure class=\"wp-block-media-text__media\"><img decoding=\"async\" loading=\"lazy\" width=\"635\" height=\"1024\" src=\"http:\/\/antoinedaguet.fr\/wp-content\/uploads\/2021\/11\/moto-copie-635x1024.jpg\" alt=\"\" class=\"wp-image-1499 size-full\" srcset=\"https:\/\/antoinedaguet.fr\/wp-content\/uploads\/2021\/11\/moto-copie-635x1024.jpg 635w, https:\/\/antoinedaguet.fr\/wp-content\/uploads\/2021\/11\/moto-copie-186x300.jpg 186w, https:\/\/antoinedaguet.fr\/wp-content\/uploads\/2021\/11\/moto-copie-768x1239.jpg 768w, https:\/\/antoinedaguet.fr\/wp-content\/uploads\/2021\/11\/moto-copie-952x1536.jpg 952w, https:\/\/antoinedaguet.fr\/wp-content\/uploads\/2021\/11\/moto-copie.jpg 1054w\" sizes=\"(max-width: 635px) 100vw, 635px\" \/><\/figure><div class=\"wp-block-media-text__content\">\n<div class=\"wp-block-group is-layout-flow wp-block-group-is-layout-flow\"><div class=\"wp-block-group__inner-container\">\n<h3 class=\"wp-block-heading has-ast-global-color-0-color has-text-color\"><br>Aventure<\/h3>\n\n\n\n<h2 class=\"wp-block-heading has-ast-global-color-2-color has-text-color\">L&rsquo;Australie \u00e0 moto<\/h2>\n\n\n\n<p class=\"has-ast-global-color-3-color has-text-color\">Apr\u00e8s avoir suivi le p\u00e9riple des h\u00e9ros du film  \u00ab\u00a0Easy rider\u00a0\u00bb, j&rsquo;ai commenc\u00e9 \u00e0 r\u00e9ver de faire \u00e0 mon tour, un grand p\u00e9riple en moto. J&rsquo;ai cherch\u00e9 un territoire  lointain et m\u00e9connu. Mon choix s&rsquo;est port\u00e9 assez vite sur l&rsquo;Australie. Mais la question \u00e9tait de savoir s&rsquo;il existait bien une route qui en fasse le tour? J&rsquo;ai demand\u00e9 \u00e0 un ami voyageur de se procurer une carte \u00ab\u00a0routi\u00e8re\u00a0\u00bb de l&rsquo;Australie. En l&rsquo;ouvrant, j&rsquo;ai bien vu un tra\u00e7\u00e9 le long des cotes, mais de deux couleurs diff\u00e9rentes! Selon la l\u00e9gende, l&rsquo;une indiquait les routes goudronn\u00e9es (50%), l&rsquo;autre la \u00ab\u00a0dirt road\u00a0\u00bb, les routes de poussi\u00e8re, la piste.! <\/p>\n\n\n\n<div class=\"wp-block-buttons is-layout-flex wp-block-buttons-is-layout-flex\">\n<div class=\"wp-block-button is-style-outline\"><a class=\"wp-block-button__link wp-element-button\" href=\"http:\/\/antoinedaguet.fr\/PDF\/moto%20australie.pdf\" target=\"_blank\" rel=\"noreferrer noopener\">T\u00e9l\u00e9charger<\/a><\/div>\n<\/div>\n<\/div><\/div>\n<\/div><\/div>\n\n\n\n<div class=\"wp-block-media-text is-stacked-on-mobile\" style=\"grid-template-columns:44% auto\"><figure class=\"wp-block-media-text__media\"><img decoding=\"async\" loading=\"lazy\" width=\"771\" height=\"433\" src=\"http:\/\/antoinedaguet.fr\/wp-content\/uploads\/2024\/05\/drapeaux.jpg\" alt=\"\" class=\"wp-image-1613 size-full\" srcset=\"https:\/\/antoinedaguet.fr\/wp-content\/uploads\/2024\/05\/drapeaux.jpg 771w, https:\/\/antoinedaguet.fr\/wp-content\/uploads\/2024\/05\/drapeaux-300x168.jpg 300w, https:\/\/antoinedaguet.fr\/wp-content\/uploads\/2024\/05\/drapeaux-768x431.jpg 768w\" sizes=\"(max-width: 767px) 89vw, (max-width: 1000px) 54vw, (max-width: 1071px) 543px, 580px\" \/><\/figure><div class=\"wp-block-media-text__content\">\n<div class=\"wp-block-group is-layout-flow wp-block-group-is-layout-flow\"><div class=\"wp-block-group__inner-container\">\n<h3 class=\"wp-block-heading has-ast-global-color-0-color has-text-color\"><br>Nouvelle<\/h3>\n\n\n\n<h2 class=\"wp-block-heading has-ast-global-color-2-color has-text-color\">Moi, Pr\u00e9sident<\/h2>\n\n\n\n<p class=\"has-ast-global-color-3-color has-text-color\"><sup>Pierre est un brillant \u00e9l\u00e8ve de Sciences Po. Il a envie que les choses changent. De nature discr\u00e8te, il suit de loin les manifestations. Mais pouss\u00e9 par son ami Bruno, il finit par rejoindre le parti socialiste.  Peu \u00e0 peu, il gravit les \u00e9chelons du pouvoir. <\/sup><\/p>\n\n\n\n<p class=\"has-ast-global-color-3-color has-text-color\"><\/p>\n\n\n\n<div class=\"wp-block-buttons is-layout-flex wp-block-buttons-is-layout-flex\">\n<div class=\"wp-block-button is-style-outline\"><a class=\"wp-block-button__link wp-element-button\" href=\"http:\/\/antoinedaguet.fr\/PDF\/Moi%20Pr%C3%A9sident.pdf\" target=\"_blank\" rel=\"noreferrer noopener\">T\u00e9l\u00e9charger<\/a><\/div>\n<\/div>\n<\/div><\/div>\n<\/div><\/div>\n\n\n\n<div class=\"wp-block-media-text is-stacked-on-mobile\" style=\"grid-template-columns:43% auto\"><figure class=\"wp-block-media-text__media\"><img decoding=\"async\" loading=\"lazy\" width=\"1017\" height=\"1024\" src=\"http:\/\/antoinedaguet.fr\/wp-content\/uploads\/2024\/05\/logo-original-aboul-1017x1024.jpg\" alt=\"\" class=\"wp-image-1630 size-full\" srcset=\"https:\/\/antoinedaguet.fr\/wp-content\/uploads\/2024\/05\/logo-original-aboul-1017x1024.jpg 1017w, https:\/\/antoinedaguet.fr\/wp-content\/uploads\/2024\/05\/logo-original-aboul-298x300.jpg 298w, https:\/\/antoinedaguet.fr\/wp-content\/uploads\/2024\/05\/logo-original-aboul-150x150.jpg 150w, https:\/\/antoinedaguet.fr\/wp-content\/uploads\/2024\/05\/logo-original-aboul-768x773.jpg 768w, https:\/\/antoinedaguet.fr\/wp-content\/uploads\/2024\/05\/logo-original-aboul-100x100.jpg 100w, https:\/\/antoinedaguet.fr\/wp-content\/uploads\/2024\/05\/logo-original-aboul.jpg 1239w\" sizes=\"(max-width: 767px) 89vw, (max-width: 1000px) 54vw, (max-width: 1071px) 543px, 580px\" \/><\/figure><div class=\"wp-block-media-text__content\">\n<div class=\"wp-block-group is-layout-flow wp-block-group-is-layout-flow\"><div class=\"wp-block-group__inner-container\">\n<h3 class=\"wp-block-heading has-ast-global-color-0-color has-text-color\"><br>Aventure<\/h3>\n\n\n\n<h2 class=\"wp-block-heading has-ast-global-color-2-color has-text-color\">Carnet de route<\/h2>\n\n\n\n<p class=\"has-ast-global-color-3-color has-text-color\"><sup>En 1970, j\u2019ai particip\u00e9 au volant d\u2019une 2cv au rallye Paris Kaboul. <a href=\"https:\/\/urldefense.com\/v3\/__http:\/www.paris-kaboul.fr__;!!A7uj8QjVSas!wMOzF6FnbKUXKRk119EkerDxKGtCP4yOhsNOk7RG6d6WPTxfFPtTXS6wC3A3RXt9Dqitt53TdizYWUgkXwEY_Q$\">www.paris-kaboul.fr<\/a> . Une aventure incroyable que je vous propose de vivre en lisant le carnet de route de Jean Claude Coudry que j\u2019ai r\u00e9\u00e9cris pour en faire un r\u00e9cit passionnant. Un bon exemple de l\u2019insouciance et de l\u2019audace de la jeunesse \u00e0 cette \u00e9poque. Pour plein de raisons, un tel voyage ne serait plus possible aujourd\u2019hui.<\/sup><\/p>\n\n\n\n<p class=\"has-ast-global-color-3-color has-text-color\"><\/p>\n\n\n\n<div class=\"wp-block-buttons is-layout-flex wp-block-buttons-is-layout-flex\">\n<div class=\"wp-block-button is-style-outline\"><a class=\"wp-block-button__link wp-element-button\" href=\"http:\/\/antoinedaguet.fr\/PDF\/kaboul.pdf\" target=\"_blank\" rel=\"noreferrer noopener\">T\u00e9l\u00e9charger<\/a><\/div>\n<\/div>\n<\/div><\/div>\n<\/div><\/div>\n<\/div><\/div>\n\n\n\n<div class=\"wp-block-group alignwide is-layout-flow wp-block-group-is-layout-flow\"><div class=\"wp-block-group__inner-container\"><\/div><\/div>\n","protected":false},"excerpt":{"rendered":"<p>Nouvelle Les tableaux Grandeur et d\u00e9cadence d&rsquo;un tableau. Il est question de l&rsquo;inspiration du peintre, de la futilit\u00e9 des vernissages et d&rsquo;amoureux de l&rsquo;art. L&rsquo;\u00e9ph\u00e9m\u00e8re de la cr\u00e9ation se t\u00e9lescope avec l&rsquo;avidit\u00e9 des marchands, la convoitise des acheteurs et la spontan\u00e9it\u00e9 des amateurs. L&rsquo;occasion pour l&rsquo;auteur de brosser une galerie de portraits, tant sur la &hellip; <\/p>\n<p class=\"link-more\"><a href=\"https:\/\/antoinedaguet.fr\/?page_id=900\" class=\"more-link\">Continuer la lecture<span class=\"screen-reader-text\"> de &laquo;&nbsp;Antoine Daguet &#8211; livres et r\u00e9cits de voyages&nbsp;&raquo;<\/span><\/a><\/p>\n","protected":false},"author":1,"featured_media":0,"parent":0,"menu_order":0,"comment_status":"closed","ping_status":"closed","template":"","meta":{"om_disable_all_campaigns":false,"_monsterinsights_skip_tracking":false,"_monsterinsights_sitenote_active":false,"_monsterinsights_sitenote_note":"","_monsterinsights_sitenote_category":0,"footnotes":""},"aioseo_notices":[],"_links":{"self":[{"href":"https:\/\/antoinedaguet.fr\/index.php?rest_route=\/wp\/v2\/pages\/900"}],"collection":[{"href":"https:\/\/antoinedaguet.fr\/index.php?rest_route=\/wp\/v2\/pages"}],"about":[{"href":"https:\/\/antoinedaguet.fr\/index.php?rest_route=\/wp\/v2\/types\/page"}],"author":[{"embeddable":true,"href":"https:\/\/antoinedaguet.fr\/index.php?rest_route=\/wp\/v2\/users\/1"}],"replies":[{"embeddable":true,"href":"https:\/\/antoinedaguet.fr\/index.php?rest_route=%2Fwp%2Fv2%2Fcomments&post=900"}],"version-history":[{"count":38,"href":"https:\/\/antoinedaguet.fr\/index.php?rest_route=\/wp\/v2\/pages\/900\/revisions"}],"predecessor-version":[{"id":1664,"href":"https:\/\/antoinedaguet.fr\/index.php?rest_route=\/wp\/v2\/pages\/900\/revisions\/1664"}],"wp:attachment":[{"href":"https:\/\/antoinedaguet.fr\/index.php?rest_route=%2Fwp%2Fv2%2Fmedia&parent=900"}],"curies":[{"name":"wp","href":"https:\/\/api.w.org\/{rel}","templated":true}]}}