{"id":902,"date":"2021-04-10T04:07:48","date_gmt":"2021-04-10T04:07:48","guid":{"rendered":"http:\/\/antoinedaguet.fr\/?page_id=902"},"modified":"2025-04-12T13:03:43","modified_gmt":"2025-04-12T13:03:43","slug":"about","status":"publish","type":"page","link":"https:\/\/antoinedaguet.fr\/?page_id=902","title":{"rendered":"Les mots pour le dire &#8211; Antoine Daguet"},"content":{"rendered":"\n<div class=\"wp-block-group is-layout-flow wp-block-group-is-layout-flow\"><div class=\"wp-block-group__inner-container\"><\/div><\/div>\n\n\n\n<div class=\"wp-block-group is-layout-flow wp-block-group-is-layout-flow\"><div class=\"wp-block-group__inner-container\">\n<h3 class=\"wp-block-heading\">Les mots pour le dire<\/h3>\n<\/div><\/div>\n\n\n\n<div class=\"wp-block-group alignwide is-layout-flow wp-block-group-is-layout-flow\"><div class=\"wp-block-group__inner-container\">\n<h4 class=\"wp-block-heading\"><a href=\"https:\/\/www.antoinedaguet.fr\/PDF\/A vos plumes.pdf\" target=\"_blank\" rel=\"noopener\" title=\"Chroniques du temps qui passe\">Chroniques du temps qui passe<\/a><\/h4>\n\n\n\n<h6 class=\"wp-block-heading\"><strong>A vos plumes<\/strong><\/h6>\n\n\n\n<p>J\u2019ai lu il y a peu un vieux livre de James Michener, \u00ab The Novel \u00bb. Il traite des rapports intimes et compliqu\u00e9s des \u00e9crivains et leur \u00e9diteur. Je n\u2019avais jamais r\u00e9alis\u00e9 avant la lecture de ce livre qu\u2019il existait un tel travail d\u2019\u00e9quipe entre les deux. J\u2019\u00e9tais na\u00efvement persuad\u00e9 que l\u2019auteur besognait seul, dans son coin, en proie \u00e0 l\u2019angoisse, au d\u00e9lire et \u00e0 la souffrance, pour accoucher un jour d\u2019un chef d\u2019\u0153uvre.<br><a href=\"https:\/\/www.antoinedaguet.fr\/PDF\/plumes.pdf\" target=\"_blank\" rel=\"noopener\" title=\" lire la suite\"> <strong>lire la suite<\/strong><\/a><br><\/p>\n\n\n\n<h6 class=\"wp-block-heading\"><strong>Jack Brabham<\/strong><\/h6>\n\n\n\n<p>Jack Brabham, dit \u00ab Black Jack \u00bb, 3 fois champion du monde de formule 1 est mort sur la Gold Coast \u00e0 90 kilom\u00e8tres d\u2019ici. Apparemment, la nouvelle a d\u00e9j\u00e0 fait le tour du monde, mais elle n\u2019appara\u00eet que ce matin dans le journal local qui accorde une page enti\u00e8re \u00e0 une \u00ab driving legend \u00bb;<strong><a href=\"http:\/\/antoinedaguet.fr\/chroniques\/2_Jackbrabham.html\" target=\"_blank\" rel=\"noreferrer noopener\"> <\/a><\/strong><br><strong><a href=\"http:\/\/antoinedaguet.fr\/PDF\/brabham.pdf\" target=\"_blank\" rel=\"noopener\" title=\"\">lire la suite<\/a><\/strong><br><\/p>\n\n\n\n<h6 class=\"wp-block-heading\"><strong>Juin 1944<\/strong><a href=\"https:\/\/nl-files.hostinger.fr\/\"><strong> <\/strong><\/a><\/h6>\n\n\n\n<p>\u00ab De gros \u00e9v\u00e8nements aujourd\u2019hui dans ton pays \u00bb m\u2019annonce Brett, mon partenaire de tennis. Il me faut quelques secondes pour me souvenir que nous sommes le 6 juin. Tony Abbott, le Premier ministre australien foule en ce moment m\u00eame le sable de Normandie \u00e0 l\u2019occasion du soixante dixi\u00e8me anniversaires du d\u00e9barquement. 44 soldats australiens sont enterr\u00e9s en Normandie. <br><strong><a href=\"http:\/\/www.antoinedaguet.fr\/PDF\/normandie.pdf\" title=\"lire la suite\">lire la suite<\/a><\/strong><br><\/p>\n\n\n\n<h6 class=\"wp-block-heading\"><strong>Tournez man\u00e8ges<\/strong><\/h6>\n\n\n\n<p>Ici l\u2019accent marseillais est partout, fort, caricatural, c\u2019est \u00e0 peine si je comprends ce qui se dit. Le Marseillais marche un peu vout\u00e9, le sourcil fronc\u00e9, l\u2019air bagarreur mais se fend d\u2019un sourire immense d\u00e8s qu\u2019il a l\u2019occasion de parler. Et il ne s\u2019en prive pas !&nbsp;<strong><a href=\"http:\/\/antoinedaguet.fr\/chroniques\/4_Tournezmaneges.html\" target=\"_blank\" rel=\"noreferrer noopener\"> <\/a><\/strong><br><strong><a href=\"http:\/\/antoinedaguet.fr\/PDF\/maneges.pdf\" target=\"_blank\" rel=\"noopener\" title=\"\">lire la suite<\/a><\/strong><br><\/p>\n\n\n\n<h6 class=\"wp-block-heading\"><strong>Bleu, blanc, rouge <\/strong><\/h6>\n\n\n\n<p>8 jours apr\u00e8s l\u2019attentat du Bataclan qui a fait 130 morts et 351 bless\u00e9s, le monde tremble encore d\u2019effarement, de tristesse, d\u2019indignation mais pas de peur ! Une poign\u00e9e d\u2019assassins illumin\u00e9s, fanatis\u00e9s, assoiff\u00e9s de haine, de vengeance et de sang qui voulaient semer la terreur, la peur, la destruction de la soci\u00e9t\u00e9 viennent \u00e0 leur insu de r\u00e9aliser le contraire : l\u2019union des peuples, l\u2019unanimit\u00e9 des chefs d\u2019\u00e9tat, presque un monde \u00ab bisounours \u00bb.<strong><a href=\"http:\/\/antoinedaguet.fr\/chroniques\/5_Bleublancrouge.html\" target=\"_blank\" rel=\"noreferrer noopener\"> <\/a><\/strong><br><strong><a href=\"http:\/\/antoinedaguet.fr\/PDF\/bataclan.pdf\" target=\"_blank\" rel=\"noopener\" title=\"\">lire la suite<\/a><\/strong><br><\/p>\n\n\n\n<h6 class=\"wp-block-heading\"><strong>Bonne Ann\u00e9e<\/strong><\/h6>\n\n\n\n<p>JANVIER &#8211; M\u00eame pas peur ! &#8211; MARS &#8211; Le fou volant &#8211; MAI &#8211; N\u2019est plus R\u00e9publicain qui veut &#8211; AOUT &#8230;<br> <strong><a href=\"http:\/\/antoinedaguet.fr\/PDF\/2016.pdf\" target=\"_blank\" rel=\"noopener\" title=\"\">lire la suite<\/a><\/strong> <br><\/p>\n\n\n\n<h6 class=\"wp-block-heading\"><strong>Mourir d&rsquo;aimer<\/strong><\/h6>\n\n\n\n<p>Aujourd\u2019hui, le pr\u00e9sentateur de 15h a ressorti une vielle histoire ch\u00e8re \u00e0 mon c\u0153ur, ch\u00e8re \u00e0 mes 18 ans. En ce temps-l\u00e0, l\u2019ordre existait, la biens\u00e9ance \u00e9tait respect\u00e9e, les jeunes musel\u00e9s et l\u2019\u00e9ducation \u00e9rig\u00e9e en dogme pour assurer la p\u00e9rennit\u00e9 des valeurs morales, patrimoniales et familiales traditionnelles. Et croyez moi, \u00e7a fonctionnait ! <br><strong><a href=\"http:\/\/antoinedaguet.fr\/PDF\/mourir d'aimer.pdf\" target=\"_blank\" rel=\"noopener\" title=\"\">lire la suite<\/a><\/strong><br><\/p>\n\n\n\n<h6 class=\"wp-block-heading\"><strong>Alzheimer<\/strong><\/h6>\n\n\n\n<p>Une dr\u00f4le d\u2019impression ce matin au r\u00e9veil : impossible de me souvenir quel jour ou quel mois nous \u00e9tions. Pas de probl\u00e8me pour identifier ma chambre confortable, reconnaitre le cri caract\u00e9ristique du kookaburra , des galahs, des white cockatoos et autres perroquets exotiques d\u2019Australie qui entourent la maison, mais tr\u00e8s curieusement le temps s\u2019est arr\u00eat\u00e9 ou plus exactement j\u2019ai perdu mes rep\u00e8res. <br><strong><a href=\"http:\/\/antoinedaguet.fr\/PDF\/Alzheimer.pdf\" target=\"_blank\" rel=\"noopener\" title=\"\">lire la suite<\/a><\/strong><br><\/p>\n\n\n\n<h6 class=\"wp-block-heading\"><strong>30 ans apr\u00e8s<\/strong><\/h6>\n\n\n\n<p>Vous \u00eates venus au monde un 9 juillet. 30 ans plus tard, votre naissance reste le plus beau souvenir de ma vie. Ce jour-l\u00e0, j\u2019ai perdu les p\u00e9dales, compl\u00e8tement subjugu\u00e9 par l\u2019\u00e9motion, \u00e9merveill\u00e9 par le premier souffle, le premier cri de mes petites crevettes. Je me revois encore, fascin\u00e9 par le m\u00e9decin, un immense gaillard attrapant mes pitchouns avec une douceur inou\u00efe dans ses \u00e9normes paluches et les suspendant une seconde par les pieds. Rien que d\u2019en parler aujourd\u2019hui, j\u2019en ai encore le souffle coup\u00e9 et les larmes aux yeux.<br> <strong><a href=\"http:\/\/antoinedaguet.fr\/PDF\/30 ans apres.pdf\" target=\"_blank\" rel=\"noopener\" title=\"\">lire la suite<\/a><\/strong><br><\/p>\n\n\n\n<h6 class=\"wp-block-heading\"><strong><a href=\"http:\/\/antoinedaguet.fr\/PDF\/11_Lyli.pdf\" target=\"_blank\" rel=\"noopener\" title=\"\">Lyli<\/a><\/strong><\/h6>\n\n\n\n<p>Eric nous a quitt\u00e9 aujourd\u2019hui. Je ne connaissais pas ce gar\u00e7on, mais je connais sa maman. Comment accepter de voir partir celui qu\u2019on a mis au monde, qu\u2019on a tenu dans ses bras. Celui qu\u2019on a \u00e9lev\u00e9 et accompagn\u00e9 pendant des ann\u00e9es ? A quoi bon porter un enfant, se battre bec et ongles \u00e0 chaque \u00e9tape de sa vie si c\u2019est pour le voir partir. <br><strong><a href=\"http:\/\/antoinedaguet.fr\/PDF\/Lyli.pdf\" target=\"_blank\" rel=\"noopener\" title=\"http:\/\/antoinedaguet.fr\/chroniques\/11_Lyli.html\">lire la suite<\/a><\/strong><br><\/p>\n\n\n\n<h6 class=\"wp-block-heading\"><strong>Le temps de l&rsquo;enfance<\/strong><\/h6>\n\n\n\n<p><a href=\"https:\/\/nl-files.hostinger.fr\/\"><\/a><a href=\"https:\/\/nl-files.hostinger.fr\/\"><\/a><strong> &nbsp;<\/strong>\u00ab\u00a0Petite Fleur\u00a0\u00bb &#8211; Sydney Bechet souffle dans sa trompette un air que les gens de ma g\u00e9n\u00e9ration n\u2019ont pas oubli\u00e9. Quel \u00e2ge pouvais-je avoir ? Probablement 7\/8 ans. A la piscine de mon village, les visiteurs pouvaient apporter leurs disques qu\u2019on jouait sur les hauts parleurs de la piscine. Temps b\u00e9ni o\u00f9 les plus d\u00e9gourdis de mes ain\u00e9s venaient \u00e0 la piscine avec une pile de 45tours sur le porte bagage de leur v\u00e9lo. <br><strong><a href=\"http:\/\/antoinedaguet.fr\/PDF\/enfance.pdf\" target=\"_blank\" rel=\"noopener\" title=\"\">lire la suite<\/a><\/strong><br><\/p>\n\n\n\n<h6 class=\"wp-block-heading\"><strong>La vie comme avant<\/strong><\/h6>\n\n\n\n<p>3 petites br\u00e8ves \u00e9crites en pays Kiwi, au temps o\u00f9 les voyages \u00e9taient autoris\u00e9s, pour vous faire oublier un moment, la morosit\u00e9 du confinement et vous permettre de vous \u00e9vader. En Nouvelle Z\u00e9lande, le m\u00e9chant coronavirus s\u2019est tu. Sous nos pieds, de l\u2019autre c\u00f4t\u00e9 de la terre, la vie a repris\u2026, comme avant ! <br><strong><a href=\"http:\/\/antoinedaguet.fr\/PDF\/covid.pdf\" target=\"_blank\" rel=\"noopener\" title=\"\">lire la suite<\/a><\/strong><br><\/p>\n\n\n\n<h4 class=\"wp-block-heading\">Clins d&rsquo;\u0153il<\/h4>\n\n\n\n<h6 class=\"wp-block-heading\"><strong>En vacances<\/strong><\/h6>\n\n\n\n<p>J&rsquo;aime l&rsquo;hibiscus rouge qui s&rsquo;est \u00e9panoui soudain hier devant la terrasse. Je n&rsquo;aime pas le voir ferm\u00e9 ce matin! J&rsquo;aime trouver un pot de confiture frais devant ma porte au r\u00e9veil. (d\u00e9pos\u00e9 par ma propri\u00e9taire). J&rsquo;aime la confiture de prune maison sur mes toasts; je l&rsquo;aime aussi dans le yaourt.<br><strong><a href=\"http:\/\/antoinedaguet.fr\/PDF\/en vacances.pdf\" target=\"_blank\" rel=\"noopener\" title=\"\">lire la suite<\/a><\/strong><br><\/p>\n\n\n\n<h6 class=\"wp-block-heading\"><strong>D\u00e9calage horaire<\/strong><\/h6>\n\n\n\n<p>Pendant que vous dormez, je dors aussi mais sur la plage ! Je suis en Australie ! Je vous imagine cach\u00e9s sous les couvertures, j\u2019entends les uns ronfler, les autres siffler. Certains se tournent et se retournent, d\u2019autres restent parfaitement immobiles. C\u2019est le monde de la nuit, le monde du sommeil, enfin pour vous car pour moi qui vis la t\u00eate en bas, le soleil brille depuis longtemps et le sable est d\u00e9j\u00e0 chaud.<br><strong><a href=\"http:\/\/antoinedaguet.fr\/PDF\/decalage horaire.pdf\" target=\"_blank\" rel=\"noopener\" title=\"\">lire la suite<\/a><\/strong><br><\/p>\n\n\n\n<h6 class=\"wp-block-heading\"><strong>Brassens<\/strong><\/h6>\n\n\n\n<p>J\u2019ai toujours beaucoup aim\u00e9 les chansons de Georges Brassens, il a r\u00e9joui ma jeunesse avec ses gros mots, stimul\u00e9 mon adolescence avec son audace coquine, r\u00e9veill\u00e9 mon esprit frondeur avec ses attaques contre la mar\u00e9chauss\u00e9e et m\u2019a communiqu\u00e9 ses valeurs de tol\u00e9rance, et de solidarit\u00e9. Ajouter \u00e0 \u00e7a, un brin d\u2019humour, un brin de tendresse, un brin de po\u00e9sie, beaucoup d\u2019ironie et une grosse moustache. Vous avez le personnage !<br><strong><a href=\"http:\/\/antoinedaguet.fr\/PDF\/brassens.pdf\" target=\"_blank\" rel=\"noopener\" title=\"\">lire la suite<\/a><\/strong><br><\/p>\n\n\n\n<h6 class=\"wp-block-heading\">\u00ab\u00a0<strong>A vot\u00e9<\/strong>\u00ab\u00a0<\/h6>\n\n\n\n<p>Les \u00e9lections rythment notre vie. Elles se succ\u00e8dent les unes aux autres, soul\u00e8vent nombre de pol\u00e9miques, d\u2019affaires de petits mots. A chaque scrutin &#8211; et il y en a pas mal &#8211; on a l\u2019impression que la France prend la pose. <br><strong><a href=\"http:\/\/antoinedaguet.fr\/PDF\/a vot\u00e9.pdf\" target=\"_blank\" rel=\"noopener\" title=\"\">lire la suite<\/a><\/strong><\/p>\n\n\n\n<h6 class=\"wp-block-heading\"><strong>Les nuits du jazz<\/strong><\/h6>\n\n\n\n<p>J\u2019ai fait un n\u0153ud \u00e0 mon mouchoir pour assister \u00e0 la 9 i\u00e9me \u00ab Nuit du Jazz \u00bb ? Saint Mitre les remparts n\u2019est pas Saint Germain des Pr\u00e8s ! Et pourtant\u2026 Ce soir, 3 voix f\u00e9minines sont \u00e0 l\u2019affiche : Eyma, Natalia et Agathe. J\u2019aime bien l\u2019id\u00e9e d\u2019un Festival de jazz purement f\u00e9minin.<br><strong><a href=\"http:\/\/antoinedaguet.fr\/PDF\/nuits du jazz.pdf\" target=\"_blank\" rel=\"noopener\" title=\"\">lire la suite<\/a><\/strong><\/p>\n\n\n\n<h6 class=\"wp-block-heading\"><strong>La Suisse m\u00e9connue<\/strong><\/h6>\n\n\n\n<p>Les clich\u00e9s ont la peau dure. La Suisse, du moins ce qu\u2019on en connait, c\u2019est un lac entour\u00e9 de montagnes, des alpages verdoyants, une capitale prosp\u00e8re o\u00f9 les banques r\u00e8gnent en maitre, une soci\u00e9t\u00e9 bien huil\u00e9e, des gens courtois qui prennent leur temps, de belles voitures, de beaux concerts, des grandes organisations internationales. On a du mal \u00e0 imaginer la Suisse autrement qu\u2019impeccable et responsable.<br><strong><a href=\"http:\/\/antoinedaguet.fr\/PDF\/suisse m\u00e9connue.pdf\" target=\"_blank\" rel=\"noopener\" title=\"\">lire la suite<\/a><\/strong><\/p>\n\n\n\n<h6 class=\"wp-block-heading\"><strong>S\u00e9raphine et le jardinier<\/strong><\/h6>\n\n\n\n<p>On m\u2019appelle S\u00e9raphine. Je suis une taupe, un vraie avec 4 pattes, pas un espion ! Je mesure une quinzaine de centim\u00e8tres et porte une fourrure soyeuse grise du plus bel effet. J\u2019ai des yeux minuscules (je suis myope) et un museau pointu. Je me trouve plut\u00f4t pas mal. D\u2019ailleurs, quand j\u2019atterris dans les mains des enfants, ils disent tous que je suis tr\u00e8s mignonne.<br><strong><a href=\"http:\/\/antoinedaguet.fr\/PDF\/seraphine.pdf\" target=\"_blank\" rel=\"noopener\" title=\"\">lire la suite<\/a><\/strong><\/p>\n\n\n\n<h6 class=\"wp-block-heading\"><strong>Frin ou Fexit<\/strong><\/h6>\n\n\n\n<p><a href=\"https:\/\/nl-files.hostinger.fr\/\" title=\"\">J<\/a>e dois \u00e0 Fran\u00e7ois Asselineau et Zamane Zizouane du parti \u00ab Un Peuple Souverain \u00bb, cet amalgame franco-anglais douteux, \u00ab FREXIT \u00bb, inspir\u00e9 du fameux \u00ab BREXIT \u00bb. L\u2019abr\u00e9viation anglaise est pratique et compr\u00e9hensible pour tous les Britanniques : Britain Exit (sortie de la Grande Bretagne du March\u00e9 Commun). Du coup, je me sens autoris\u00e9, malgr\u00e9 ma m\u00e9fiance des abr\u00e9viations et mon horreur du franglais \u00e0 cr\u00e9er \u00ab FRIN \u00bb &#8211; \u00ab FRANCE IN \u00bb, pour f\u00e9d\u00e9rer les pro Europ\u00e9ens.<br><strong><a href=\"http:\/\/antoinedaguet.fr\/PDF\/frexit.pdf\" target=\"_blank\" rel=\"noopener\" title=\"\">lire la suite<\/a><\/strong><\/p>\n<\/div><\/div>\n\n\n\n<div class=\"wp-block-columns is-layout-flex wp-container-6 wp-block-columns-is-layout-flex\">\n<div class=\"wp-block-column is-layout-flow wp-block-column-is-layout-flow\" style=\"flex-basis:100%\">\n<div class=\"wp-block-group alignwide is-layout-flow wp-block-group-is-layout-flow\"><div class=\"wp-block-group__inner-container\"><\/div><\/div>\n<\/div>\n<\/div>\n","protected":false},"excerpt":{"rendered":"<p>Les mots pour le dire Chroniques du temps qui passe A vos plumes J\u2019ai lu il y a peu un vieux livre de James Michener, \u00ab The Novel \u00bb. Il traite des rapports intimes et compliqu\u00e9s des \u00e9crivains et leur \u00e9diteur. Je n\u2019avais jamais r\u00e9alis\u00e9 avant la lecture de ce livre qu\u2019il existait un tel &hellip; <\/p>\n<p class=\"link-more\"><a href=\"https:\/\/antoinedaguet.fr\/?page_id=902\" class=\"more-link\">Continuer la lecture<span class=\"screen-reader-text\"> de &laquo;&nbsp;Les mots pour le dire &#8211; Antoine Daguet&nbsp;&raquo;<\/span><\/a><\/p>\n","protected":false},"author":1,"featured_media":0,"parent":0,"menu_order":0,"comment_status":"closed","ping_status":"closed","template":"","meta":{"om_disable_all_campaigns":false,"_monsterinsights_skip_tracking":false,"_monsterinsights_sitenote_active":false,"_monsterinsights_sitenote_note":"","_monsterinsights_sitenote_category":0,"footnotes":""},"aioseo_notices":[],"_links":{"self":[{"href":"https:\/\/antoinedaguet.fr\/index.php?rest_route=\/wp\/v2\/pages\/902"}],"collection":[{"href":"https:\/\/antoinedaguet.fr\/index.php?rest_route=\/wp\/v2\/pages"}],"about":[{"href":"https:\/\/antoinedaguet.fr\/index.php?rest_route=\/wp\/v2\/types\/page"}],"author":[{"embeddable":true,"href":"https:\/\/antoinedaguet.fr\/index.php?rest_route=\/wp\/v2\/users\/1"}],"replies":[{"embeddable":true,"href":"https:\/\/antoinedaguet.fr\/index.php?rest_route=%2Fwp%2Fv2%2Fcomments&post=902"}],"version-history":[{"count":85,"href":"https:\/\/antoinedaguet.fr\/index.php?rest_route=\/wp\/v2\/pages\/902\/revisions"}],"predecessor-version":[{"id":1793,"href":"https:\/\/antoinedaguet.fr\/index.php?rest_route=\/wp\/v2\/pages\/902\/revisions\/1793"}],"wp:attachment":[{"href":"https:\/\/antoinedaguet.fr\/index.php?rest_route=%2Fwp%2Fv2%2Fmedia&parent=902"}],"curies":[{"name":"wp","href":"https:\/\/api.w.org\/{rel}","templated":true}]}}